{"id":7994,"date":"2025-11-25T17:15:41","date_gmt":"2025-11-25T16:15:41","guid":{"rendered":"https:\/\/bullfrog-bikes.com\/?post_type=product&#038;p=7994"},"modified":"2025-11-25T17:15:41","modified_gmt":"2025-11-25T16:15:41","slug":"velo-tout-chemin-electrique-cadre-haut-e-actv-100-gris-anthracite","status":"publish","type":"product","link":"https:\/\/bullfrog-bikes.com\/index.php\/product\/velo-tout-chemin-electrique-cadre-haut-e-actv-100-gris-anthracite\/","title":{"rendered":"V\u00e9lo tout chemin \u00e9lectrique cadre haut, e-actv 100 gris anthracite"},"content":{"rendered":"<div class=\"tech-info vtmn-py-5 svelte-d7nydb\">\n<h3 class=\"vtmn-typo_title-5 vtmn-mt-0 svelte-d7nydb\">Que signifie e-actv 100 ?<\/h3>\n<p class=\"vtmn-m-0 vtmn-break-words\">L&rsquo;acronyme ACTV symbolise le mot \u00ab\u00a0ACTIVE\u00a0\u00bb. Nous avons con\u00e7u ce v\u00e9lo pour toutes les personnes qui souhaitent adopter un style de vie plus actif et se reconnecter \u00e0 la nature. Le \u00ab\u00a0e\u00a0\u00bb signifie qu&rsquo;il s&rsquo;agit d&rsquo;un v\u00e9lo \u00e0 assistance \u00e9lectrique<\/p>\n<\/div>\n<div class=\"tech-info vtmn-py-5 svelte-d7nydb\">\n<h3 class=\"vtmn-typo_title-5 vtmn-mt-0 svelte-d7nydb\">Caract\u00e9ristiques du moteur<\/h3>\n<p class=\"vtmn-m-0 vtmn-break-words\">Moteur roue arri\u00e8re Rockrider brushless 36V.<\/p>\n<p>Puissance max : 250W<br \/>\nCouple max : 45 Nm<\/p>\n<p>Id\u00e9al pour des terrains \u00e0 d\u00e9nivel\u00e9 moyen, jusqu\u2019\u00e0 10 % de pente et 500 m de d\u00e9nivel\u00e9 cons\u00e9cutif. Non recommand\u00e9 pour les cols en montagne.<\/p>\n<p>L\u2019assistance \u00e9lectrique s&rsquo;arr\u00eate au-del\u00e0 de 25 km\/h, conform\u00e9ment \u00e0 la r\u00e9glementation europ\u00e9enne.<\/p>\n<\/div>\n<div class=\"tech-info vtmn-py-5 svelte-d7nydb\">\n<h3 class=\"vtmn-typo_title-5 vtmn-mt-0 svelte-d7nydb\">3 niveaux d&rsquo;assistance pour g\u00e9rer votre effort<\/h3>\n<p class=\"vtmn-m-0 vtmn-break-words\">Vous pouvez choisir \u00e0 tout moment parmi 3 niveaux d&rsquo;assistance. Il vous suffit d&rsquo;appuyer sur le bouton + ou &#8211; du contr\u00f4leur situ\u00e9 sur le guidon pour passer d&rsquo;un mode \u00e0 l&rsquo;autre.<\/p>\n<p>Mode 0 \u2013 Assistance d\u00e9sactiv\u00e9e (0 Watt)<br \/>\nMode Eco &#8211; Assistance douce (70 Watts)<br \/>\nMode Normal &#8211; Assistance mod\u00e9r\u00e9e (125 Watts)<br \/>\nMode Boost &#8211; Assistance maximale pour les mont\u00e9es plus difficiles (250 Watts)<\/p>\n<\/div>\n<div class=\"tech-info vtmn-py-5 svelte-d7nydb\">\n<h3 class=\"vtmn-typo_title-5 vtmn-mt-0 svelte-d7nydb\">Jusqu&rsquo;\u00e0 70 km d&rsquo;autonomie avec votre v\u00e9lo trekking \u00e9lectrique<\/h3>\n<p class=\"vtmn-m-0 vtmn-break-words\">L&rsquo;autonomie varie en fonction du poids transport\u00e9 (utilisateur + chargement), du d\u00e9nivel\u00e9, du vent et de la temp\u00e9rature ext\u00e9rieure.<\/p>\n<p>Nos tests nous ont permis d\u2019\u00e9valuer l\u2019autonomie maximum sur terrain peu vallonn\u00e9 et sans chargement (sans sacoche ou remorque) :<\/p>\n<p>Mode Eco : jusqu&rsquo;\u00e0 70km<br \/>\nMode Normal : jusqu&rsquo;\u00e0 50km<br \/>\nMode Boost : jusqu&rsquo;\u00e0 30km<\/p>\n<\/div>\n<div class=\"tech-info vtmn-py-5 svelte-d7nydb\">\n<h3 class=\"vtmn-typo_title-5 vtmn-mt-0 svelte-d7nydb\">Batterie int\u00e9gr\u00e9e et amovible<\/h3>\n<p class=\"vtmn-m-0 vtmn-break-words\">Batterie au lithium-ion 36v &#8211; 356 Wh.<\/p>\n<p>Verrouill\u00e9e dans le cadre du v\u00e9lo pour une meilleure int\u00e9gration et protection.<\/p>\n<p>D\u00e9verrouillage rapide par cl\u00e9 (3 cl\u00e9s fournies) pour la recharger. Poign\u00e9e de transport int\u00e9gr\u00e9e.<\/p>\n<p>Garantie 500 cycles de charge sans perte d&rsquo;autonomie.<\/p>\n<p>Poids 2.3 kg<\/p>\n<p>Peut-on rouler avec une batterie d\u00e9charg\u00e9e ?<br \/>\nOui. Si la batterie est d\u00e9charg\u00e9e, le poids du kit \u00e9lectrique rend le v\u00e9lo moins roulant qu&rsquo;un VTC traditionnel. Mais cela reste roulable pour d\u00e9panner.<\/p>\n<\/div>\n<div class=\"tech-info vtmn-py-5 svelte-d7nydb\">\n<h3 class=\"vtmn-typo_title-5 vtmn-mt-0 svelte-d7nydb\">Recharge batterie<\/h3>\n<p class=\"vtmn-m-0 vtmn-break-words\">Recharge compl\u00e8te en 4h30 avec chargeur 2A fourni.<\/p>\n<p>La batterie doit \u00eatre extraite du v\u00e9lo \u00e0 l&rsquo;aide des cl\u00e9s fournies pour pouvoir la recharger.<\/p>\n<p>Compatible avec les chargeurs Rockrider 4A (Ref. : 8753941) pour une recharge plus rapide.<\/p>\n<p>Quand recharger ma batterie ?<br \/>\nLes batteries lithium-ion n\u2019ont pas d\u2019effet m\u00e9moire, elles peuvent donc \u00eatre charg\u00e9es \u00e0 tout moment.<br \/>\nIl est conseill\u00e9 de charger votre batterie r\u00e9guli\u00e8rement avant la d\u00e9charge totale pour pr\u00e9server ses bonnes performances.<\/p>\n<\/div>\n<div class=\"tech-info vtmn-py-5 svelte-d7nydb\">\n<h3 class=\"vtmn-typo_title-5 vtmn-mt-0 svelte-d7nydb\">Contr\u00f4leur<\/h3>\n<p class=\"vtmn-m-0 vtmn-break-words\">Ecran de contr\u00f4le LED situ\u00e9 sur le guidon \u00e0 c\u00f4t\u00e9 de la poign\u00e9e gauche.<\/p>\n<p>Informations disponibles :<br \/>\n&#8211; Mode enclench\u00e9<br \/>\n&#8211; Niveau de batterie restant<br \/>\n&#8211; Lumi\u00e8res allum\u00e9es ou non<\/p>\n<p>Actions :<br \/>\n&#8211; Allumer \/ \u00e9teindre le v\u00e9lo<br \/>\n&#8211; S\u00e9lectionner le mode d&rsquo;assistance<br \/>\n&#8211; Allumer \/ \u00e9teindre les lumi\u00e8res<\/p>\n<p>Connectez votre v\u00e9lo \u00e0 votre t\u00e9l\u00e9phone pour b\u00e9n\u00e9ficier des informations vitesse, distance, distance parcourue et parcours GPS.<\/p>\n<\/div>\n<div class=\"tech-info vtmn-py-5 svelte-d7nydb\">\n<h3 class=\"vtmn-typo_title-5 vtmn-mt-0 svelte-d7nydb\">Connectivit\u00e9 application Decathlon Ride<\/h3>\n<p class=\"vtmn-m-0 vtmn-break-words\">Le v\u00e9lo de Trekking e-actv 100 est compatible avec l&rsquo;application gratuite DECATHLON RIDE.<\/p>\n<p>Roulez avec votre t\u00e9l\u00e9phone connect\u00e9 en bluetooth au v\u00e9lo pour profiter de l&rsquo;affichage en temps r\u00e9el de :<br \/>\n&#8211; votre vitesse<br \/>\n&#8211; votre distance parcourue<br \/>\n&#8211; l&rsquo;autonomie restante<\/p>\n<p>Profitez \u00e9galement de statistiques apr\u00e8s votre sortie :<br \/>\n&#8211; Du trac\u00e9 et toutes vos donn\u00e9es li\u00e9es \u00e0 votre sortie<br \/>\n&#8211; Des statistiques d&rsquo;utilisation des modes d&rsquo;assistance<br \/>\n&#8211; Des mises \u00e0 jour de vos \u00e9l\u00e9ments \u00e9lectriques<\/p>\n<\/div>\n<div class=\"tech-info vtmn-py-5 svelte-d7nydb\">\n<h3 class=\"vtmn-typo_title-5 vtmn-mt-0 svelte-d7nydb\">Compatibilit\u00e9 application Decathlon Ride<\/h3>\n<p class=\"vtmn-m-0 vtmn-break-words\">L&rsquo;application est compatible :<br \/>\n&#8211; Pour les appareils Apple : iOS 8 et versions sup\u00e9rieures<br \/>\n&#8211; Pour les t\u00e9l\u00e9phones Android : Android 7 et versions sup\u00e9rieures<\/p>\n<\/div>\n<div class=\"tech-info vtmn-py-5 svelte-d7nydb\">\n<h3 class=\"vtmn-typo_title-5 vtmn-mt-0 svelte-d7nydb\">Support SP connect int\u00e9gr\u00e9 pour smartphone<\/h3>\n<p class=\"vtmn-m-0 vtmn-break-words\">Le e-actv 100 est \u00e9quip\u00e9 d&rsquo;une fixation SP connect qui permet de facilement fixer votre smartphone sur la potence.<\/p>\n<p>De nombreuses coques smartphone ou supports universels SP connect sont disponibles sur le site Decathlon. La coque ou pochette n&rsquo;est pas fournie avec le v\u00e9lo.<\/p>\n<p>SP connect propose une fixation facile, rapide et robuste pour v\u00e9los et motos.<\/p>\n<\/div>\n<div class=\"tech-info vtmn-py-5 svelte-d7nydb\">\n<h3 class=\"vtmn-typo_title-5 vtmn-mt-0 svelte-d7nydb\">Composants \u00e9lectriques &amp; \u00e9lectroniques r\u00e9sistants \u00e0 la poussi\u00e8re et \u00e0 la pluie.<\/h3>\n<p class=\"vtmn-m-0 vtmn-break-words\">Tous les composants \u00e9lectriques (contr\u00f4leur, moteur, batterie, etc.) sont r\u00e9sistants \u00e0 la poussi\u00e8re et la pluie (IPX5).<\/p>\n<p>Vous pouvez notamment laissez votre v\u00e9lo sous la pluie sans batterie. L&rsquo;eau qui pourrait rentrer par le trou laiss\u00e9 par la batterie absente s&rsquo;\u00e9coulera hors du v\u00e9lo et n&rsquo;endommagera pas les composants.<\/p>\n<p>Ne pas laver au jet d&rsquo;eau sous pression.<\/p>\n<\/div>\n<div class=\"tech-info vtmn-py-5 svelte-d7nydb\">\n<h3 class=\"vtmn-typo_title-5 vtmn-mt-0 svelte-d7nydb\">Eclairage int\u00e9gr\u00e9<\/h3>\n<p class=\"vtmn-m-0 vtmn-break-words\">Eclairage aliment\u00e9 par la batterie du v\u00e9lo :<br \/>\n&#8211; Phare avant LED AXA Echo 15. Puissance 15 lux.<br \/>\n&#8211; Feu arri\u00e8re LED fix\u00e9 sur le garde-boue arri\u00e8re.<\/p>\n<p>Le feu arri\u00e8re reste actif (en puissance r\u00e9duite) 4 minutes apr\u00e8s avoir \u00e9teint le v\u00e9lo.<\/p>\n<\/div>\n<div class=\"tech-info vtmn-py-5 svelte-d7nydb\">\n<h3 class=\"vtmn-typo_title-5 vtmn-mt-0 svelte-d7nydb\">Enjambement<\/h3>\n<p class=\"vtmn-m-0 vtmn-break-words\">Nous avons con\u00e7u 2 versions du e-actv 100 :<\/p>\n<p>&#8211; Version cadre bas : La version cadre bas est facile \u00e0 enjamber. C&rsquo;est un avantage ind\u00e9niable notamment lorsqu&rsquo;on utilise un porte-b\u00e9b\u00e9 (ref. 8893262).<br \/>\n&#8211; Version cadre haut : La version cadre haut est plus rigide et vous offrira un pilotage plus pr\u00e9cis notamment sur chemin d\u00e9grad\u00e9 et lorsque vous transportez un poids important (ref. 8893260)<\/p>\n<\/div>\n<div class=\"tech-info vtmn-py-5 svelte-d7nydb\">\n<h3 class=\"vtmn-typo_title-5 vtmn-mt-0 svelte-d7nydb\">Tailles<\/h3>\n<p class=\"vtmn-m-0 vtmn-break-words\">Tailles disponibles :<br \/>\nTaille S\/M de 1,50 m \u00e0 1,72 m.<br \/>\nTaille L\/XL de 1,72 m \u00e0 1,95 m.<\/p>\n<p>Si vous \u00eates entre 2 tailles :<br \/>\nPrenez la taille inf\u00e9rieure pour privil\u00e9gier une position plus redress\u00e9e.<br \/>\nPrenez la taille sup\u00e9rieure pour privil\u00e9gier une position plus allong\u00e9e.<\/p>\n<\/div>\n<div class=\"tech-info vtmn-py-5 svelte-d7nydb\">\n<h3 class=\"vtmn-typo_title-5 vtmn-mt-0 svelte-d7nydb\">Guidon<\/h3>\n<p class=\"vtmn-m-0 vtmn-break-words\">Guidon :<br \/>\n&#8211; Largeur : 640 mm<br \/>\n&#8211; Diam\u00e8tre au centre : 25.4 mm<br \/>\n&#8211; Mat\u00e9riau : acier<\/p>\n<p>Potence :<br \/>\n&#8211; Longueur taille S\/M : 75mm<br \/>\n&#8211; Longueur taille L\/XL 90 mm<br \/>\n&#8211; Diam\u00e8tre : 25.4 mm<br \/>\n&#8211; Mat\u00e9riau : aluminium<\/p>\n<p>Jeu de direction : 1 pouce 1\/8.<\/p>\n<p>Poign\u00e9es ergonomiques BTWIN city 500.<\/p>\n<\/div>\n<div class=\"tech-info vtmn-py-5 svelte-d7nydb\">\n<h3 class=\"vtmn-typo_title-5 vtmn-mt-0 svelte-d7nydb\">Suspension<\/h3>\n<p class=\"vtmn-m-0 vtmn-break-words\">Fourche suspendue Rockrider Trekking.<\/p>\n<p>&#8211; Amortissement : ressort<br \/>\n&#8211; Pivot : aluminium en 1 pouce 1\/8<br \/>\n&#8211; D\u00e9battement de 60 mm<\/p>\n<\/div>\n<div class=\"tech-info vtmn-py-5 svelte-d7nydb\">\n<h3 class=\"vtmn-typo_title-5 vtmn-mt-0 svelte-d7nydb\">Pneus<\/h3>\n<p class=\"vtmn-m-0 vtmn-break-words\">Pneus tout chemin Rockrider Trekking offrant une excellente protection anti crevaison (niveau maximum 4,5\/5).<\/p>\n<p>Dimensions : 700x47mm (ETRTO 47-622)<br \/>\nNiveau de protection anti crevaison : 4.5\/5<br \/>\nType de protection : Double protection polyamide<br \/>\nCarcasse : 60 TPI<br \/>\nCompatible tubeless : Non<\/p>\n<p>Pression recommand\u00e9e : environ 3 bars.<\/p>\n<\/div>\n<div class=\"tech-info vtmn-py-5 svelte-d7nydb\">\n<h3 class=\"vtmn-typo_title-5 vtmn-mt-0 svelte-d7nydb\">Selle<\/h3>\n<p class=\"vtmn-m-0 vtmn-break-words\">Selle Rockrider Trekking.<\/p>\n<p>Le r\u00e9glage de la hauteur de selle se fait gr\u00e2ce \u00e0 une cl\u00e9 Allen pour limiter le risque de vol de selle. Si vous souhaitez une attache rapide, il est possible d&rsquo;en installer une. Demandez conseil \u00e0 votre vendeur.<\/p>\n<\/div>\n<div class=\"tech-info vtmn-py-5 svelte-d7nydb\">\n<h3 class=\"vtmn-typo_title-5 vtmn-mt-0 svelte-d7nydb\">Transmission<\/h3>\n<p class=\"vtmn-m-0 vtmn-break-words\">&#8211; S\u00e9lecteur de vitesse : poign\u00e9e tournante<br \/>\n&#8211; Nombre de vitesse : 6 vitesses<br \/>\n&#8211; Roue libre : \u00e0 visser<br \/>\n&#8211; Mono-plateau : 44 dents<br \/>\n&#8211; Pignons : 14\/28<br \/>\n&#8211; Cha\u00eene trait\u00e9e anti-corrosion KMC Z6 CL573 avec maillon rapide<br \/>\n&#8211; D\u00e9railleur arri\u00e8re : Microshift RD M21<br \/>\n&#8211; Bague anti d\u00e9raillement<\/p>\n<\/div>\n<div class=\"tech-info vtmn-py-5 svelte-d7nydb\">\n<h3 class=\"vtmn-typo_title-5 vtmn-mt-0 svelte-d7nydb\">Roues<\/h3>\n<p class=\"vtmn-m-0 vtmn-break-words\">Jantes :<br \/>\nJantes asym\u00e9triques renforc\u00e9es (double paroi)<br \/>\nDimensions des jantes 25-622 (ETRTO).<br \/>\nNon compatible tubeless<\/p>\n<p>Rayonnage :<br \/>\n32 rayons avant et 36 rayons arri\u00e8re<br \/>\nRayons trait\u00e9s anti-corrosion (galvanis\u00e9s)<\/p>\n<p>Moyeu avant :<br \/>\nRoulements \u00e0 cartouche \u00e9tanche.<br \/>\nAxe antivol. N\u00e9cessite une cl\u00e9 Allen de 5mm (fournie) pour retirer la roue avant.<br \/>\nCompatible avec axe \u00e0 attache rapide.<\/p>\n<p>Moyeu arri\u00e8re :<br \/>\nMoteur. Axe plein fix\u00e9 avec \u00e9crou. N\u00e9cessite une cl\u00e9 plate de 19mm pour retirer la roue arri\u00e8re.<\/p>\n<\/div>\n<div class=\"tech-info vtmn-py-5 svelte-d7nydb\">\n<h3 class=\"vtmn-typo_title-5 vtmn-mt-0 svelte-d7nydb\">Cadre<\/h3>\n<p class=\"vtmn-m-0 vtmn-break-words\">Cadre en aluminium.<\/p>\n<p>Tube diagonal hydroform\u00e9.<\/p>\n<p>Taille de pneu maximum compatible avec garde-boue : 700x47mm.<\/p>\n<\/div>\n<div class=\"tech-info vtmn-py-5 svelte-d7nydb\">\n<h3 class=\"vtmn-typo_title-5 vtmn-mt-0 svelte-d7nydb\">Freins<\/h3>\n<p class=\"vtmn-m-0 vtmn-break-words\">Freins \u00e0 disques m\u00e9caniques. Disque de 160mm \u00e0 l&rsquo;avant et \u00e0 l&rsquo;arri\u00e8re.<\/p>\n<\/div>\n<div class=\"tech-info vtmn-py-5 svelte-d7nydb\">\n<h3 class=\"vtmn-typo_title-5 vtmn-mt-0 svelte-d7nydb\">P\u00e9dales<\/h3>\n<p class=\"vtmn-m-0 vtmn-break-words\">Nous avons choisi des p\u00e9dales plates et larges pour une meilleur sensation de confort et de stabilit\u00e9.<br \/>\nP\u00e9dales en r\u00e9sine.<\/p>\n<\/div>\n<div class=\"tech-info vtmn-py-5 svelte-d7nydb\">\n<h3 class=\"vtmn-typo_title-5 vtmn-mt-0 svelte-d7nydb\">Accessoires compatibles<\/h3>\n<p class=\"vtmn-m-0 vtmn-break-words\">Compatible avec :<br \/>\n\u2022 b\u00e9quille arri\u00e8re (ref. 8784182). Seulement 2 vis \u00e0 visser pour installer la b\u00e9quille.<br \/>\n\u2022 porte-bagages arri\u00e8re : Compatible avec la plupart des portes-bagages du march\u00e9. Nous recommandons notre porte-bagages d\u00e9di\u00e9 (ref. 8828232).<br \/>\n\u2022 antivol de cadre (ref. 8735625)<br \/>\n\u2022 porte-b\u00e9b\u00e9 sur porte bagage<br \/>\n\u2022 porte-b\u00e9b\u00e9 sur cadre<br \/>\n\u2022 porte-bidon : 1 emplacement sur cadre. Pour un deuxi\u00e8me porte bidon, nous vous recommandons l&rsquo;utilisation d&rsquo;un porte-bidon textile sur guidon (ref. 8487122).<\/p>\n<\/div>\n<div class=\"tech-info vtmn-py-5 svelte-d7nydb\">\n<h3 class=\"vtmn-typo_title-5 vtmn-mt-0 svelte-d7nydb\">Compatibilit\u00e9 remorque v\u00e9lo<\/h3>\n<p class=\"vtmn-m-0 vtmn-break-words\">Le e-actv 100 est compatible avec les remorques :<br \/>\n&#8211; Hamax<br \/>\n&#8211; Bike Original<\/p>\n<p>Les remorques Thule et Croozer ne sont pas compatibles.<\/p>\n<\/div>\n<div class=\"tech-info vtmn-py-5 svelte-d7nydb\">\n<h3 class=\"vtmn-typo_title-5 vtmn-mt-0 svelte-d7nydb\">Garde boue<\/h3>\n<p class=\"vtmn-m-0 vtmn-break-words\">Les garde-boue assurent un espace constant de 6mm entre le pneu et le garde-boue. Ils permettent de rouler sur chemins de terre sans encombrement de boue entre le pneu et le garde-boue.<\/p>\n<\/div>\n<div class=\"tech-info vtmn-py-5 svelte-d7nydb\">\n<h3 class=\"vtmn-typo_title-5 vtmn-mt-0 svelte-d7nydb\">Poids<\/h3>\n<p class=\"vtmn-m-0 vtmn-break-words\">23.0 kg en taille L\/XL<\/p>\n<\/div>\n<div class=\"tech-info vtmn-py-5 svelte-d7nydb\">\n<h3 class=\"vtmn-typo_title-5 vtmn-mt-0 svelte-d7nydb\">Charge max<\/h3>\n<p class=\"vtmn-m-0 vtmn-break-words\">Le e-actv 100 est homologu\u00e9 pour une charge maximum totale de 120 kg :<br \/>\nutilisateur + v\u00e9lo + charge additionnelle (sacoches, enfant, etc.).<\/p>\n<\/div>\n<div class=\"tech-info vtmn-py-5 svelte-d7nydb\">\n<h3 class=\"vtmn-typo_title-5 vtmn-mt-0 svelte-d7nydb\">Garantie<\/h3>\n<p class=\"vtmn-m-0 vtmn-break-words\">Garantie \u00e0 vie : cadre, potence et cintre.<br \/>\nPi\u00e8ces d\u00e9tach\u00e9es : 2 ans.<\/p>\n<\/div>\n<div class=\"tech-info vtmn-py-5 svelte-d7nydb\">\n<h3 class=\"vtmn-typo_title-5 vtmn-mt-0 svelte-d7nydb\">Poids<\/h3>\n<p class=\"vtmn-m-0 vtmn-break-words\">25 kg<\/p>\n<\/div>\n","protected":false},"excerpt":{"rendered":"<p class=\"vtmn-text-base vtmn-mt-2\">Con\u00e7u pour vous aider \u00e0 adopter un mode de d\u00e9placement plus actif, aussi bien en ville qu\u2019\u00e0 la campagne.<\/p>\n<p class=\"vtmn-text-base vtmn-mb-0\">Le E-ACTV 100 est votre v\u00e9lo \u00e9lectrique polyvalent. Id\u00e9al pour vos escapades du week-end sur chemins faciles et vos trajets quotidiens en ville.<\/p>\n","protected":false},"featured_media":8003,"comment_status":"open","ping_status":"closed","template":"","meta":[],"product_cat":[49],"product_tag":[],"class_list":{"0":"post-7994","1":"product","2":"type-product","3":"status-publish","4":"has-post-thumbnail","6":"product_cat-velos-de-ville","8":"first","9":"instock","10":"shipping-taxable","11":"purchasable","12":"product-type-simple"},"jetpack_sharing_enabled":true,"_links":{"self":[{"href":"https:\/\/bullfrog-bikes.com\/index.php\/wp-json\/wp\/v2\/product\/7994","targetHints":{"allow":["GET"]}}],"collection":[{"href":"https:\/\/bullfrog-bikes.com\/index.php\/wp-json\/wp\/v2\/product"}],"about":[{"href":"https:\/\/bullfrog-bikes.com\/index.php\/wp-json\/wp\/v2\/types\/product"}],"replies":[{"embeddable":true,"href":"https:\/\/bullfrog-bikes.com\/index.php\/wp-json\/wp\/v2\/comments?post=7994"}],"wp:featuredmedia":[{"embeddable":true,"href":"https:\/\/bullfrog-bikes.com\/index.php\/wp-json\/wp\/v2\/media\/8003"}],"wp:attachment":[{"href":"https:\/\/bullfrog-bikes.com\/index.php\/wp-json\/wp\/v2\/media?parent=7994"}],"wp:term":[{"taxonomy":"product_cat","embeddable":true,"href":"https:\/\/bullfrog-bikes.com\/index.php\/wp-json\/wp\/v2\/product_cat?post=7994"},{"taxonomy":"product_tag","embeddable":true,"href":"https:\/\/bullfrog-bikes.com\/index.php\/wp-json\/wp\/v2\/product_tag?post=7994"}],"curies":[{"name":"wp","href":"https:\/\/api.w.org\/{rel}","templated":true}]}}