{"id":7985,"date":"2025-11-25T17:06:12","date_gmt":"2025-11-25T16:06:12","guid":{"rendered":"https:\/\/bullfrog-bikes.com\/?post_type=product&#038;p=7985"},"modified":"2025-11-25T17:06:12","modified_gmt":"2025-11-25T16:06:12","slug":"velo-de-ville-electrique-26-smartbike-legend-milano-14ah-noir","status":"publish","type":"product","link":"https:\/\/bullfrog-bikes.com\/index.php\/product\/velo-de-ville-electrique-26-smartbike-legend-milano-14ah-noir\/","title":{"rendered":"V\u00e9lo de Ville \u00c9lectrique 26&Prime; Smartbike &#8211; Legend Milano 14Ah Noir"},"content":{"rendered":"<p>Le Legend Milano est \u00e0 la fusion des lignes classiques avec un aspect d\u2019avant-garde en obtenant ainsi un v\u00e9lo \u00e9lectrique robuste et \u00e9l\u00e9gant. N\u00e9 d&rsquo;une collaboration europ\u00e9enne, le Milano est dot\u00e9 des meilleurs composants et technologies disponibles, offrant une exp\u00e9rience utilisateur exceptionnellement agr\u00e9able. C&rsquo;est le v\u00e9lo id\u00e9al pour les longues balades, gr\u00e2ce \u00e0 son design pens\u00e9 pour le confort et la performance.<\/p>\n<h3>LES + PRODUIT<\/h3>\n<p><strong>CONFORTABLE ET S\u00dbRE<\/strong>\u00a0B\u00e9n\u00e9ficiez d&rsquo;un confort et d&rsquo;une s\u00e9curit\u00e9 extraordinaires avec sa fourche avant Suntour Nex, sa selle ergonomique, son d\u00e9railleur Shimano \u00e0 7 vitesses, et ses freins hydrauliques \u00e0 disque assurant un freinage \u00e0 la fois rapide et progressif. Les roues de 26 pouces avec pneus effet \u00ab\u00a0full suspension\u00a0\u00bb offrent une conduite des plus confortables sur terrains escarp\u00e9s, tout en restant parfaitement fonctionnelles en milieu urbain.<\/p>\n<p><strong>SMART DESIGN<\/strong>\u00a0Le syst\u00e8me \u00e9lectrique allemand\u00a0<em>MAHLE Smartbike<\/em>\u00a0r\u00e9duit la consommation du moteur de 15 \u00e0 20% de mieux que ses concurrents. Son joystick IWOC de derni\u00e8re g\u00e9n\u00e9ration, \u00e9quip\u00e9 de boutons et de LED, vous permet de contr\u00f4ler facilement le niveau d&rsquo;assistance, de v\u00e9rifier l&rsquo;\u00e9tat du v\u00e9lo et de surveiller le niveau de la batterie \u00e0 tout moment.<\/p>\n<p><strong>V\u00c9LO CONNECT\u00c9<\/strong>\u00a0Avec\u00a0<em>MAHLE Smartbike\u00ae<\/em>, prenez le contr\u00f4le total votre v\u00e9lo \u00e9lectrique et de l&rsquo;environnement qui vous entoure. Connectez-vous via Bluetooth \u00e0 l&rsquo;application MySmartbike (iOS \/ Android) pour acc\u00e9der en temps r\u00e9el \u00e0 des informations telles que l&rsquo;altitude, la vitesse et les calories sur votre smartphone. Cette connectivit\u00e9 s&rsquo;\u00e9tend aux moniteurs de fr\u00e9quence cardiaque et autres Smart devices, incluant le Display MAHLE Pulsar One (vendu s\u00e9par\u00e9ment).<\/p>\n<p><strong>MOTEUR PUISSANT DE 250W<\/strong>\u00a0Profitez d&rsquo;un moteur arri\u00e8re brushless de haute qualit\u00e9, robuste et l\u00e9ger, qui vous assiste jusqu&rsquo;\u00e0 25 km\/h, avec un couple de 40 Nm. Choisissez parmi quatre niveaux d&rsquo;assistance selon vos besoins.<\/p>\n<p><strong>EFFICACIT\u00c9 ET PERFORMANCE<\/strong>\u00a0Choisissez parmi deux batteries Li-ion amovibles Panasonic ou Sanyo-Panasonic, offrant jusqu&rsquo;\u00e0 80 km ou 100 km d&rsquo;autonomie\u2731 avec des capacit\u00e9s de 10,4 Ah | 374,4Wh et 14 Ah | 504Wh respectivement. Dot\u00e9es de capteurs BMS pour une efficacit\u00e9 maximale, ces batteries de 36V se rechargent en moins de 6 heures avec le chargeur inclus, ou en seulement 3 heures avec le super chargeur (vendu s\u00e9par\u00e9ment).<\/p>\n<p><strong>ERGONOMIQUE<\/strong>\u00a0Avec son allure classique et avant-gardiste, le Legend Milano est sans doute le meilleur choix pour une utilisation citadine ou campagnarde. Son cadre en aluminium renforc\u00e9 offre robustesse et confort de conduite.<\/p>\n<p><strong>COMPOSANTS HAUT DE GAMME<\/strong>\u00a0\u00c9quip\u00e9 de feux LED Spanninga Kendo+ int\u00e9gr\u00e9s au syst\u00e8me \u00e9lectrique, de connecteurs \u00e9tanches IP-67, d&rsquo;une poign\u00e9e tournante Revoshift pour des changements de vitesses fluides, d&rsquo;un syst\u00e8me d&rsquo;ancrage KlickFix \u00e0 l&rsquo;avant pour l&rsquo;ajout d&rsquo;accessoires, et d&rsquo;un porte-bagages arri\u00e8re con\u00e7u pour supporter une charge maximale de 27 kg, sur lequel il est possible d&rsquo;adapter un si\u00e8ge enfant.<\/p>\n<p><strong>MARQUAGE PARAVOL<\/strong>\u00a0Pour une protection accrue, tous les v\u00e9los Legend sont \u00e9quip\u00e9s du syst\u00e8me PARAVOL, conforme \u00e0 la l\u00e9gislation fran\u00e7aise, pour s\u00e9curiser votre v\u00e9lo contre le vol.<\/p>\n<p><strong>Prime VAE :<\/strong>\u00a0B\u00e9n\u00e9ficiez d&rsquo;une \u00e9co-subvention gr\u00e2ce au certificat d&rsquo;homologation\u00a0<em>EN 15194<\/em>, disponible aupr\u00e8s de votre ville ou r\u00e9gion (renseignez-vous aupr\u00e8s des collectivit\u00e9s locales).<\/p>\n<h3>ESSAYEZ-LES PENDANT 30 JOURS 50 KM<\/h3>\n<p>Testez nos v\u00e9los pendant 30 jours ou 50 km. Si le v\u00e9lo ne r\u00e9pond pas \u00e0 vos attentes, nous le r\u00e9cup\u00e9rerons et vous rembourserons int\u00e9gralement.<\/p>\n<h3>GARANTIE DE 2 ANS<\/h3>\n<p>V\u00e9lo et batterie, \u00e0 l\u2019exception des articles consommables.<\/p>\n<h3>SERVICE APR\u00c8S-VENTE<\/h3>\n<p>Notre SAV francophone, en collaboration avec des magasins sp\u00e9cialis\u00e9s partenaires, est \u00e0 votre disposition pour proposer des solutions de r\u00e9parations adapt\u00e9es pendant et apr\u00e8s la p\u00e9riode de garantie. Si vous avez besoin d&rsquo;une intervention technique, n&rsquo;h\u00e9sitez pas \u00e0 contacter le service client de Decathlon qui vous mettra en contact direct avec le fabricant.<\/p>\n<h3>TAILLE ET POIDS:<\/h3>\n<p>Id\u00e9al pour les utilisateurs jusqu&rsquo;\u00e0 100 kg et d&rsquo;une taille comprise entre 1,55 et 1,95m.<br \/>\n<em>Dimensions<\/em>\u00a0: 116 x 179 x 62 cm.<br \/>\n<em>Poids du v\u00e9lo avec batterie<\/em>\u00a0: 24 kg.<\/p>\n<h3>LIVRAISON:<\/h3>\n<p>La livraison est effectu\u00e9e par l&rsquo;un de nos transporteurs de confiance et vous serez pr\u00e9venu 1 ou 2 jours avant de recevoir la livraison.<\/p>\n<p>Le v\u00e9lo est livr\u00e9\u00a0<strong>assembl\u00e9 \u00e0 90%<\/strong>; il suffit de fixer la roue avant, d&rsquo;ajuster les p\u00e9dales et d&rsquo;aligner le guidon pour commencer votre aventure.<\/p>\n<p><em>\u2731 L&rsquo;autonomie maximale de la batterie varie selon sa capacit\u00e9 sp\u00e9cifique. Cette estimation est bas\u00e9e sur des tests effectu\u00e9s sur un terrain plat, avec le niveau d&rsquo;assistance le plus faible activ\u00e9, en continu, \u00e0 une temp\u00e9rature ambiante de 20 \u00b0C, et pour un cycliste pesant 70 kg.<\/em><\/p>\n","protected":false},"excerpt":{"rendered":"<p>V\u00e9lo urbain \u00e9lectrique, robuste et \u00e9l\u00e9gant. Con\u00e7u pour une utilisation intensive, il est \u00e9quip\u00e9 d&rsquo;une suspension avant, freins hydrauliques et porte-bagages. Smart eBike avec APP connect\u00e9e.<\/p>\n","protected":false},"featured_media":7992,"comment_status":"open","ping_status":"closed","template":"","meta":[],"product_cat":[49],"product_tag":[],"class_list":{"0":"post-7985","1":"product","2":"type-product","3":"status-publish","4":"has-post-thumbnail","6":"product_cat-velos-de-ville","8":"first","9":"instock","10":"sale","11":"shipping-taxable","12":"purchasable","13":"product-type-simple"},"jetpack_sharing_enabled":true,"_links":{"self":[{"href":"https:\/\/bullfrog-bikes.com\/index.php\/wp-json\/wp\/v2\/product\/7985","targetHints":{"allow":["GET"]}}],"collection":[{"href":"https:\/\/bullfrog-bikes.com\/index.php\/wp-json\/wp\/v2\/product"}],"about":[{"href":"https:\/\/bullfrog-bikes.com\/index.php\/wp-json\/wp\/v2\/types\/product"}],"replies":[{"embeddable":true,"href":"https:\/\/bullfrog-bikes.com\/index.php\/wp-json\/wp\/v2\/comments?post=7985"}],"wp:featuredmedia":[{"embeddable":true,"href":"https:\/\/bullfrog-bikes.com\/index.php\/wp-json\/wp\/v2\/media\/7992"}],"wp:attachment":[{"href":"https:\/\/bullfrog-bikes.com\/index.php\/wp-json\/wp\/v2\/media?parent=7985"}],"wp:term":[{"taxonomy":"product_cat","embeddable":true,"href":"https:\/\/bullfrog-bikes.com\/index.php\/wp-json\/wp\/v2\/product_cat?post=7985"},{"taxonomy":"product_tag","embeddable":true,"href":"https:\/\/bullfrog-bikes.com\/index.php\/wp-json\/wp\/v2\/product_tag?post=7985"}],"curies":[{"name":"wp","href":"https:\/\/api.w.org\/{rel}","templated":true}]}}