{"id":7973,"date":"2025-11-25T16:55:54","date_gmt":"2025-11-25T15:55:54","guid":{"rendered":"https:\/\/bullfrog-bikes.com\/?post_type=product&#038;p=7973"},"modified":"2025-12-01T19:05:00","modified_gmt":"2025-12-01T18:05:00","slug":"vtc-enfant-riverside-100-20-pouces-6-9-ans","status":"publish","type":"product","link":"https:\/\/bullfrog-bikes.com\/index.php\/product\/vtc-enfant-riverside-100-20-pouces-6-9-ans\/","title":{"rendered":"VTC ENFANT RIVERSIDE 100 20 POUCES 6-9 ANS"},"content":{"rendered":"<div class=\"tech-info vtmn-py-5 svelte-d7nydb\">\n<h3 class=\"vtmn-typo_title-5 vtmn-mt-0 svelte-d7nydb\">Un nouveau cadre \u00e0 l&rsquo;\u00e9preuve des routes et chemins<\/h3>\n<p class=\"vtmn-m-0 vtmn-break-words\">Nos ing\u00e9nieurs ont con\u00e7u un nouveau cadre robuste en acier. Il est facile \u00e0 enjamber et ressemble au Riverside adulte dans son design.<\/p>\n<\/div>\n<div class=\"tech-info vtmn-py-5 svelte-d7nydb\">\n<h3 class=\"vtmn-typo_title-5 vtmn-mt-0 svelte-d7nydb\">Une seule vitesse<\/h3>\n<p class=\"vtmn-m-0 vtmn-break-words\">Monovitesse, le v\u00e9lo est simple et reste efficace sur terrain plat<\/p>\n<\/div>\n<div class=\"tech-info vtmn-py-5 svelte-d7nydb\">\n<h3 class=\"vtmn-typo_title-5 vtmn-mt-0 svelte-d7nydb\">Selle ergonomique<\/h3>\n<p class=\"vtmn-m-0 vtmn-break-words\">Une selle con\u00e7ue par nos soins pour s&rsquo;adapter \u00e0 la morphologie des enfants.<\/p>\n<\/div>\n<div class=\"tech-info vtmn-py-5 svelte-d7nydb\">\n<h3 class=\"vtmn-typo_title-5 vtmn-mt-0 svelte-d7nydb\">Pourquoi avons nous cr\u00e9\u00e9 un levier de frein adapt\u00e9 \u00e0 la main de l&rsquo;enfant ?<\/h3>\n<p class=\"vtmn-m-0 vtmn-break-words\">Parce que les enfants ont des mains plus petites que celles des adultes, il n&rsquo;est pas facile pour eux d&rsquo;attraper le levier de frein. C&rsquo;est pourquoi nos ing\u00e9nieurs et designers ont con\u00e7u<br \/>\nune forme plus rapproch\u00e9e du cintre facile \u00e0 attraper. Le freinage est alors \u00e0 port\u00e9e des petites mains !<\/p>\n<\/div>\n<div class=\"tech-info vtmn-py-5 svelte-d7nydb\">\n<h3 class=\"vtmn-typo_title-5 vtmn-mt-0 svelte-d7nydb\">Freins V-Brake \u00e0 patins : ma\u00eetrisez le freinage<\/h3>\n<p class=\"vtmn-m-0 vtmn-break-words\">Freinez efficacement gr\u00e2ce aux 2 freins \u00e0 patins de type V-Brake.<br \/>\nCes freins sont constitu\u00e9s de 2 \u00e9triers \u00e9quip\u00e9s de patins qui viennent exercer une pression plus ou moins forte sur la jante pour ralentir ou arr\u00eater la rotation des roues.<\/p>\n<\/div>\n<div class=\"tech-info vtmn-py-5 svelte-d7nydb\">\n<h3 class=\"vtmn-typo_title-5 vtmn-mt-0 svelte-d7nydb\">Confort de pilotage<\/h3>\n<p class=\"vtmn-m-0 vtmn-break-words\">Avec son guidon semi relev\u00e9, la position assise est confortable.<br \/>\nLe cintre et la potence sont soud\u00e9s en une seule pi\u00e8ce pour simplifier le r\u00e9glage du poste de pilotage.<\/p>\n<\/div>\n<div class=\"tech-info vtmn-py-5 svelte-d7nydb\">\n<h3 class=\"vtmn-typo_title-5 vtmn-mt-0 svelte-d7nydb\">Avec carters de protection et syst\u00e8me antid\u00e9raillement<\/h3>\n<p class=\"vtmn-m-0 vtmn-break-words\">Pour \u00e9viter aux enfants de se salir, le v\u00e9lo est \u00e9quip\u00e9 d&rsquo;un carter qui prot\u00e8ge la chaine et le plateau. Le collier int\u00e9rieur \u00e9vite tout risque de d\u00e9raillement.<\/p>\n<\/div>\n<div class=\"tech-info vtmn-py-5 svelte-d7nydb\">\n<h3 class=\"vtmn-typo_title-5 vtmn-mt-0 svelte-d7nydb\">Info Roue\/Pneu<\/h3>\n<p class=\"vtmn-m-0 vtmn-break-words\">Un pneu mixte, adapt\u00e9 aux routes comme aux chemins.<br \/>\nChambre \u00e0 air 20 pouces section 1,7 \u00e0 2,2, valve schrader<\/p>\n<\/div>\n<div class=\"tech-info vtmn-py-5 svelte-d7nydb\">\n<h3 class=\"vtmn-typo_title-5 vtmn-mt-0 svelte-d7nydb\">Equipement compl\u00e9mentaire<\/h3>\n<p class=\"vtmn-m-0 vtmn-break-words\">Le v\u00e9lo est enti\u00e8rement \u00e9quip\u00e9 pour rouler sur la voie publique : \u00e9clairage \u00e0 piles, avertisseur sonore, r\u00e9flecteurs de lumi\u00e8re sur les roues (catadioptres).<\/p>\n<\/div>\n<div class=\"tech-info vtmn-py-5 svelte-d7nydb\">\n<h3 class=\"vtmn-typo_title-5 vtmn-mt-0 svelte-d7nydb\">Les dimensions du v\u00e9lo pr\u00eat \u00e0 rouler<\/h3>\n<p class=\"vtmn-m-0 vtmn-break-words\">140X80CM<\/p>\n<\/div>\n<div class=\"tech-info vtmn-py-5 svelte-d7nydb\">\n<h3 class=\"vtmn-typo_title-5 vtmn-mt-0 svelte-d7nydb\">Et si je commande par Internet ?<\/h3>\n<p class=\"vtmn-m-0 vtmn-break-words\">Afin de garantir un transport qualitatif, nos v\u00e9los sont envoy\u00e9s avec les p\u00e9dales d\u00e9mont\u00e9es et le guidon non serr\u00e9 (notice et outils fournis).<\/p>\n<\/div>\n<div class=\"tech-info vtmn-py-5 svelte-d7nydb\">\n<h3 class=\"vtmn-typo_title-5 vtmn-mt-0 svelte-d7nydb\">Entretenez votre v\u00e9lo enfant !<\/h3>\n<p class=\"vtmn-m-0 vtmn-break-words\">Prenez soin du v\u00e9lo de votre enfant afin qu\u2019il soit toujours pr\u00eat pour de nouvelles aventures !<\/p>\n<p>Pour un entretien complet de votre v\u00e9lo enfant, nous pr\u00e9conisons les 3 \u00e9tapes suivantes :<br \/>\n01 D\u00e9graisser votre transmission 02 Nettoyer votre v\u00e9lo 03 Lubrifier votre cha\u00eene v\u00e9lo<\/p>\n<p>3 \u00e9tapes donc 3 produits n\u00e9cessaires \u00e0 retrouver dans notre kit de nettoyage v\u00e9lo (8751194), qui deviendra votre meilleur alli\u00e9 !<\/p>\n<div class=\"tech-info vtmn-py-5 svelte-d7nydb\">\n<h3 class=\"vtmn-typo_title-5 vtmn-mt-0 svelte-d7nydb\">Garantie<\/h3>\n<p class=\"vtmn-m-0 vtmn-break-words\">\u00e0 vie (cadre, potence, cintre, fourche rigide). En savoir plus sur la garantie v\u00e9lo.<\/p>\n<\/div>\n<div class=\"tech-info vtmn-py-5 svelte-d7nydb\">\n<h3 class=\"vtmn-typo_title-5 vtmn-mt-0 svelte-d7nydb\">Poids<\/h3>\n<p class=\"vtmn-m-0 vtmn-break-words\">10.4 kg<\/p>\n<\/div>\n<\/div>\n","protected":false},"excerpt":{"rendered":"<p class=\"vtmn-text-base vtmn-mt-2\">Nous avons con\u00e7u ce v\u00e9lo tout chemin pour les enfants de 6 \u00e0 9 ans (120 \u00e0 135 cm) souhaitant se balader dans les parcs urbains ou chemins am\u00e9nag\u00e9s.<\/p>\n<p class=\"vtmn-text-base vtmn-mb-0\">Pour d\u00e9couvrir les premi\u00e8res balades \u00e0 v\u00e9lo sur tous les chemins, ce VTC enfant 20 pouces est robuste et simple d&rsquo;utilisation (1 seule vitesse)<\/p>\n","protected":false},"featured_media":7984,"comment_status":"open","ping_status":"closed","template":"","meta":[],"product_cat":[49],"product_tag":[],"class_list":{"0":"post-7973","1":"product","2":"type-product","3":"status-publish","4":"has-post-thumbnail","6":"product_cat-velos-de-ville","8":"first","9":"instock","10":"shipping-taxable","11":"purchasable","12":"product-type-simple"},"jetpack_sharing_enabled":true,"_links":{"self":[{"href":"https:\/\/bullfrog-bikes.com\/index.php\/wp-json\/wp\/v2\/product\/7973","targetHints":{"allow":["GET"]}}],"collection":[{"href":"https:\/\/bullfrog-bikes.com\/index.php\/wp-json\/wp\/v2\/product"}],"about":[{"href":"https:\/\/bullfrog-bikes.com\/index.php\/wp-json\/wp\/v2\/types\/product"}],"replies":[{"embeddable":true,"href":"https:\/\/bullfrog-bikes.com\/index.php\/wp-json\/wp\/v2\/comments?post=7973"}],"wp:featuredmedia":[{"embeddable":true,"href":"https:\/\/bullfrog-bikes.com\/index.php\/wp-json\/wp\/v2\/media\/7984"}],"wp:attachment":[{"href":"https:\/\/bullfrog-bikes.com\/index.php\/wp-json\/wp\/v2\/media?parent=7973"}],"wp:term":[{"taxonomy":"product_cat","embeddable":true,"href":"https:\/\/bullfrog-bikes.com\/index.php\/wp-json\/wp\/v2\/product_cat?post=7973"},{"taxonomy":"product_tag","embeddable":true,"href":"https:\/\/bullfrog-bikes.com\/index.php\/wp-json\/wp\/v2\/product_tag?post=7973"}],"curies":[{"name":"wp","href":"https:\/\/api.w.org\/{rel}","templated":true}]}}