{"id":7957,"date":"2025-11-25T16:40:45","date_gmt":"2025-11-25T15:40:45","guid":{"rendered":"https:\/\/bullfrog-bikes.com\/?post_type=product&#038;p=7957"},"modified":"2025-11-25T16:40:46","modified_gmt":"2025-11-25T15:40:46","slug":"velo-de-ville-pliant-a-assistance-electrique-24-legend-siena-13ah-noir","status":"publish","type":"product","link":"https:\/\/bullfrog-bikes.com\/index.php\/product\/velo-de-ville-pliant-a-assistance-electrique-24-legend-siena-13ah-noir\/","title":{"rendered":"V\u00e9lo de Ville Pliant \u00e0 Assistance \u00c9lectrique 24&Prime; &#8211; Legend Siena 13Ah Noir"},"content":{"rendered":"<p>Avec son allure \u00e9pur\u00e9e et son charme vintage modernis\u00e9, le v\u00e9lo \u00e9lectrique pliant Legend Siena allie confort, ergonomie et performance dans un cadre en aluminium de haute r\u00e9sistance. Gr\u00e2ce \u00e0 ses composants et technologies de pointe, le Siena, v\u00e9ritable best-seller de la marque, se r\u00e9v\u00e8le extr\u00eamement agr\u00e9able \u00e0 conduire et repr\u00e9sente le choix parfait pour la mobilit\u00e9 urbaine, r\u00e9pondant \u00e0 toutes les attentes.<\/p>\n<h3>LES + PRODUIT<\/h3>\n<p><strong>CONFORTABLE ET S\u00dbRE<\/strong>\u00a0Confort et s\u00e9curit\u00e9 remarquables gr\u00e2ce \u00e0 sa selle ergonomique, son d\u00e9railleur Shimano \u00e0 7 vitesses, ses freins hydrauliques \u00e0 disque pour un freinage \u00e0 la fois efficace et progressif, et des roues de 24\u2033 munies de pneus \u00e0 effet \u00ab full suspension \u00bb. La taille interm\u00e9diaire de ces roues favorise une conduite extr\u00eamement confortable sans compromettre la fonctionnalit\u00e9 d\u2019un v\u00e9lo pliant.<\/p>\n<p><strong>SMART DESIGN<\/strong>\u00a0Le syst\u00e8me \u00e9lectrique allemand\u00a0<em>MAHLE Smartbike<\/em>\u00a0r\u00e9duit la consommation du moteur de 15 \u00e0 20% de mieux que ses concurrents. Son joystick IWOC de derni\u00e8re g\u00e9n\u00e9ration, \u00e9quip\u00e9 de boutons et de LED, vous permet de contr\u00f4ler facilement le niveau d&rsquo;assistance, de v\u00e9rifier l&rsquo;\u00e9tat du v\u00e9lo et de surveiller le niveau de la batterie \u00e0 tout moment.<\/p>\n<p><strong>V\u00c9LO CONNECT\u00c9<\/strong>\u00a0Avec\u00a0<em>MAHLE Smartbike\u00ae<\/em>, prenez le contr\u00f4le total votre v\u00e9lo \u00e9lectrique et de l&rsquo;environnement qui vous entoure. Connectez-vous via Bluetooth \u00e0 l&rsquo;application MySmartbike (iOS \/ Android) pour acc\u00e9der en temps r\u00e9el \u00e0 des informations telles que l&rsquo;altitude, la vitesse et les calories sur votre smartphone. Cette connectivit\u00e9 s&rsquo;\u00e9tend aux moniteurs de fr\u00e9quence cardiaque et autres Smart devices, incluant le Display MAHLE Pulsar One (vendu s\u00e9par\u00e9ment).<\/p>\n<p><strong>MOTEUR PUISSANT DE 250W<\/strong>\u00a0Profitez d&rsquo;un moteur arri\u00e8re brushless de haute qualit\u00e9, robuste et l\u00e9ger, qui vous assiste jusqu&rsquo;\u00e0 25 km\/h, avec un couple de 40 Nm. Choisissez parmi quatre niveaux d&rsquo;assistance selon vos besoins.<\/p>\n<p><strong>EFFICACIT\u00c9 ET PERFORMANCE<\/strong>\u00a0Batterie Li-ion amovible \u00e9quip\u00e9e de capteurs thermiques et \u00e9lectroniques BMS, con\u00e7ue pour un fonctionnement optimal lors du chargement et du d\u00e9chargement. Cette batterie de 36V et 13Ah | 470Wh offre une autonomie allant jusqu&rsquo;\u00e0 90 km\u2731. La recharge compl\u00e8te se fait en moins de 6 heures gr\u00e2ce au chargeur inclus, ou en moins de 3 heures avec le super chargeur disponible s\u00e9par\u00e9ment.<\/p>\n<p><strong>CADRE EN ALUMINIUM RENFORC\u00c9<\/strong>\u00a0Le Siena m\u00eale le meilleur du v\u00e9lo pliant et de touring avec son design vintage unique. Ultra-rapide \u00e0 plier en moins de 5 secondes, il se r\u00e9duit \u00e0 87 x 80 x 46 cm pour un poids de 21 kg, simplifiant transport et rangement.<\/p>\n<p><strong>COMPOSANTS HAUT DE GAMME<\/strong>\u00a0Dot\u00e9 de feux LED Kendo+ performants int\u00e9gr\u00e9s au syst\u00e8me \u00e9lectrique, de connecteurs \u00e9tanches IP-67, d&rsquo;une poign\u00e9e tournante Revoshift garantissant des changements de vitesse fluides, d&rsquo;un syst\u00e8me d\u2019ancrage KlickFix \u00e0 l\u2019avant pour l&rsquo;ajout facile de paniers ou accessoires, et d&rsquo;un porte-bagages arri\u00e8re con\u00e7u pour le transport d&rsquo;objets ou l&rsquo;installation d&rsquo;un si\u00e8ge enfant, supportant jusqu&rsquo;\u00e0 27 kg.<\/p>\n<p><strong>MARQUAGE PARAVOL<\/strong>\u00a0Pour une protection accrue, tous les v\u00e9los Legend sont \u00e9quip\u00e9s du syst\u00e8me PARAVOL, conforme \u00e0 la l\u00e9gislation fran\u00e7aise, pour s\u00e9curiser votre v\u00e9lo contre le vol.<\/p>\n<p><strong>Prime VAE :<\/strong>\u00a0B\u00e9n\u00e9ficiez d&rsquo;une \u00e9co-subvention gr\u00e2ce au certificat d&rsquo;homologation\u00a0<em>EN 15194<\/em>, disponible aupr\u00e8s de votre ville ou r\u00e9gion (renseignez-vous aupr\u00e8s des collectivit\u00e9s locales).<\/p>\n<h3>ESSAYEZ-LES PENDANT 30 JOURS 50 KM<\/h3>\n<p>Testez nos v\u00e9los pendant 30 jours ou 50 km. Si le v\u00e9lo ne r\u00e9pond pas \u00e0 vos attentes, nous le r\u00e9cup\u00e9rerons et vous rembourserons int\u00e9gralement.<\/p>\n<h3>GARANTIE DE 2 ANS<\/h3>\n<p>V\u00e9lo et batterie, \u00e0 l\u2019exception des articles consommables.<\/p>\n<h3>SERVICE APR\u00c8S-VENTE<\/h3>\n<p>Notre SAV francophone, en collaboration avec des magasins sp\u00e9cialis\u00e9s partenaires, est \u00e0 votre disposition pour proposer des solutions de r\u00e9parations adapt\u00e9es pendant et apr\u00e8s la p\u00e9riode de garantie. Si vous avez besoin d&rsquo;une intervention technique, n&rsquo;h\u00e9sitez pas \u00e0 contacter le service client de Decathlon qui vous mettra en contact direct avec le fabricant.<\/p>\n<h3>TAILLE ET POIDS:<\/h3>\n<p>Id\u00e9al pour les personnes jusqu&rsquo;\u00e0 100 kg, de 1,55 \u00e0 1,95m.<\/p>\n<p><em>Dimensions d\u00e9pli\u00e9<\/em>\u00a0: 113 x 163 x 59 cm |\u00a0<em>Dimensions pli\u00e9<\/em>\u00a0: 87 x 78 x 46 cm.<br \/>\n<em>Poids du v\u00e9lo avec batterie<\/em>\u00a0: 21 kg<\/p>\n<h3>LIVRAISON:<\/h3>\n<p>La livraison est effectu\u00e9e par l&rsquo;un de nos transporteurs de confiance et vous serez pr\u00e9venu 1 ou 2 jours avant de recevoir la livraison.<\/p>\n<p>Livr\u00e9\u00a0<strong>assembl\u00e9 \u00e0 100%.<\/strong><\/p>\n<p><em>\u2731 L&rsquo;autonomie maximale de la batterie varie selon sa capacit\u00e9 sp\u00e9cifique. Cette estimation est bas\u00e9e sur des tests effectu\u00e9s sur un terrain plat, avec le niveau d&rsquo;assistance le plus faible activ\u00e9, en continu, \u00e0 une temp\u00e9rature ambiante de 20 \u00b0C, et pour un cycliste pesant 70 kg.<\/em><\/p>\n","protected":false},"excerpt":{"rendered":"<p>Avec son allure \u00e9pur\u00e9e et son charme vintage modernis\u00e9, le v\u00e9lo \u00e9lectrique pliant Legend Siena allie confort, ergonomie et performance dans un cadre en aluminium de haute r\u00e9sistance. Gr\u00e2ce \u00e0 ses composants et technologies de pointe, le Siena, v\u00e9ritable best-seller de la marque, se r\u00e9v\u00e8le extr\u00eamement agr\u00e9able \u00e0 conduire et repr\u00e9sente le choix parfait pour [&hellip;]<\/p>\n","protected":false},"featured_media":7964,"comment_status":"open","ping_status":"closed","template":"","meta":[],"product_cat":[49],"product_tag":[],"class_list":{"0":"post-7957","1":"product","2":"type-product","3":"status-publish","4":"has-post-thumbnail","6":"product_cat-velos-de-ville","8":"first","9":"instock","10":"sale","11":"shipping-taxable","12":"purchasable","13":"product-type-simple"},"jetpack_sharing_enabled":true,"_links":{"self":[{"href":"https:\/\/bullfrog-bikes.com\/index.php\/wp-json\/wp\/v2\/product\/7957","targetHints":{"allow":["GET"]}}],"collection":[{"href":"https:\/\/bullfrog-bikes.com\/index.php\/wp-json\/wp\/v2\/product"}],"about":[{"href":"https:\/\/bullfrog-bikes.com\/index.php\/wp-json\/wp\/v2\/types\/product"}],"replies":[{"embeddable":true,"href":"https:\/\/bullfrog-bikes.com\/index.php\/wp-json\/wp\/v2\/comments?post=7957"}],"wp:featuredmedia":[{"embeddable":true,"href":"https:\/\/bullfrog-bikes.com\/index.php\/wp-json\/wp\/v2\/media\/7964"}],"wp:attachment":[{"href":"https:\/\/bullfrog-bikes.com\/index.php\/wp-json\/wp\/v2\/media?parent=7957"}],"wp:term":[{"taxonomy":"product_cat","embeddable":true,"href":"https:\/\/bullfrog-bikes.com\/index.php\/wp-json\/wp\/v2\/product_cat?post=7957"},{"taxonomy":"product_tag","embeddable":true,"href":"https:\/\/bullfrog-bikes.com\/index.php\/wp-json\/wp\/v2\/product_tag?post=7957"}],"curies":[{"name":"wp","href":"https:\/\/api.w.org\/{rel}","templated":true}]}}